{"id":20221,"date":"2026-03-17T17:58:08","date_gmt":"2026-03-17T17:58:08","guid":{"rendered":"https:\/\/para-mirava.ma\/?product=roche-posay-mela-b3-serum-concentre-anti-taches-30ml"},"modified":"2026-03-17T18:59:41","modified_gmt":"2026-03-17T18:59:41","slug":"roche-posay-mela-b3-serum-concentre-anti-taches-30ml","status":"publish","type":"product","link":"https:\/\/para-mirava.ma\/?product=roche-posay-mela-b3-serum-concentre-anti-taches-30ml","title":{"rendered":"ROCHE POSAY MELA B3 SERUM CONCENTRE ANTI TACHES 30ML"},"content":{"rendered":"<p>De la perte d&#8217;\u00e9clat aux taches persistantes : MELA B3 S\u00e9rum est le nouveau s\u00e9rum anti-taches \u00e0 base de Melasyl\u2122 multibrevet\u00e9 et de Niacinamide concentr\u00e9e \u00e0 10% pour corriger les taches brunes, m\u00eame persistantes. Efficacit\u00e9 anti-r\u00e9cidive. Innovation hyperpigmentation Melasyl\u2122 multibrevet\u00e9 : le nouvel actif pour combattre l&#8217;hyperpigmentation comme jamais auparavant*. <\/p>\n<p>*Melasyl poss\u00e8de un nouveau m\u00e9canisme d&#8217;action unique : il intercepte l&#8217;exc\u00e8s de m\u00e9lanine avant qu&#8217;elle ne marque la peau.<\/p>\n<p>B\u00e9n\u00e9fices :<br \/>\nL&#8217;efficacit\u00e9 de ce s\u00e9rum a \u00e9t\u00e9 cliniquement prouv\u00e9e:<\/p>\n<p>R\u00e9sultats visibles d\u00e8s 1 semaines1<br \/>\n85% des taches persistantes sont corrig\u00e9es2<br \/>\n98% des femmes voient le nombre de taches diminuer apr\u00e8s une semaine3<br \/>\n98% des femmes voient la couleur des taches s&#8217;\u00e9claircir apr\u00e8s une semaine3<br \/>\n96% des femmes voient la taille des taches diminuer apr\u00e8s une semaine3<\/p>\n<p>1Auto-\u00e9valuations, 70 et 53 sujets<br \/>\n2\u00c9tude clinique r\u00e9alis\u00e9e sur 41 sujets pr\u00e9sentant une tache persistante, application du s\u00e9rum MELA B3 pendant 8 semaine<br \/>\n3Test consommateur, 50 femmes<\/p>\n<p>Disponible dans votre parapharmacie en ligne www.cotepara.ma<\/p>\n","protected":false},"excerpt":{"rendered":"<p>De la perte d&#8217;\u00e9clat aux taches persistantes : MELA B3 S\u00e9rum est le nouveau s\u00e9rum anti-taches \u00e0 base de Melasyl\u2122 multibrevet\u00e9 et de Niacinamide concentr\u00e9e \u00e0 10% pour corriger les taches brunes, m\u00eame persistantes. Efficacit\u00e9 anti-r\u00e9cidive. Innovation hyperpigmentation Melasyl\u2122 multibrevet\u00e9 : le nouvel actif pour combattre l&#8217;hyperpigmentation comme jamais auparavant*. *Melasyl poss\u00e8de un nouveau m\u00e9canisme [&hellip;]<\/p>\n","protected":false},"featured_media":20220,"template":"","meta":[],"product_brand":[174],"product_cat":[15,133],"product_tag":[],"class_list":{"0":"post-20221","1":"product","2":"type-product","3":"status-publish","4":"has-post-thumbnail","6":"product_brand-la-roche-posay","7":"product_cat-tout","8":"product_cat-la-roche-posay","9":"ts_product_brand-la-roche-posay","11":"first","12":"instock","13":"sale","14":"shipping-taxable","15":"purchasable","16":"product-type-simple"},"_links":{"self":[{"href":"https:\/\/para-mirava.ma\/index.php?rest_route=\/wp\/v2\/product\/20221","targetHints":{"allow":["GET"]}}],"collection":[{"href":"https:\/\/para-mirava.ma\/index.php?rest_route=\/wp\/v2\/product"}],"about":[{"href":"https:\/\/para-mirava.ma\/index.php?rest_route=\/wp\/v2\/types\/product"}],"wp:featuredmedia":[{"embeddable":true,"href":"https:\/\/para-mirava.ma\/index.php?rest_route=\/wp\/v2\/media\/20220"}],"wp:attachment":[{"href":"https:\/\/para-mirava.ma\/index.php?rest_route=%2Fwp%2Fv2%2Fmedia&parent=20221"}],"wp:term":[{"taxonomy":"product_brand","embeddable":true,"href":"https:\/\/para-mirava.ma\/index.php?rest_route=%2Fwp%2Fv2%2Fproduct_brand&post=20221"},{"taxonomy":"product_cat","embeddable":true,"href":"https:\/\/para-mirava.ma\/index.php?rest_route=%2Fwp%2Fv2%2Fproduct_cat&post=20221"},{"taxonomy":"product_tag","embeddable":true,"href":"https:\/\/para-mirava.ma\/index.php?rest_route=%2Fwp%2Fv2%2Fproduct_tag&post=20221"}],"curies":[{"name":"wp","href":"https:\/\/api.w.org\/{rel}","templated":true}]}}