{"id":20241,"date":"2026-03-17T17:58:23","date_gmt":"2026-03-17T17:58:23","guid":{"rendered":"https:\/\/para-mirava.ma\/?product=roche-posay-pigmentclar-yeux-15ml"},"modified":"2026-03-17T18:59:40","modified_gmt":"2026-03-17T18:59:40","slug":"roche-posay-pigmentclar-yeux-15ml","status":"publish","type":"product","link":"https:\/\/para-mirava.ma\/?product=roche-posay-pigmentclar-yeux-15ml","title":{"rendered":"ROCHE POSAY PIGMENTCLAR YEUX 15ML"},"content":{"rendered":"<p>Correcteur anti-cernes r\u00e9uniformisant.<\/p>\n<p>Probl\u00e8mes cibl\u00e9s :<br \/>\nCernes bleus et bruns<\/p>\n<p>Innovation PIGMENTCLAR YEUX, concentr\u00e9 en PhE-R\u00e9sorcinol + Caf\u00e9ine r\u00e9duit significativement l&#8217;apparence des cernes bleus dus \u00e0 une mauvaise circulation et des cernes bruns li\u00e9s \u00e0 une surproduction de m\u00e9lanine.<\/p>\n<p>Sa texture enrichie en pigments r\u00e9flecteurs lumi\u00e8re, associ\u00e9e \u00e0 un applicateur m\u00e9tal rafraichissant, illumine le regard.<\/p>\n<p>R\u00e9sultats cliniquement prouv\u00e9s* :<br \/>\n-23,5 % Cernes bleus<br \/>\n-16,8 % Cernes bruns<br \/>\n+14,8 % Uniformit\u00e9 de la zone du regard<br \/>\n+10,2 % Luminosit\u00e9 de la zone du regard<\/p>\n<p>Disponible dans votre parapharmacie en ligne www.cotepara.ma<\/p>\n<p>* \u00c9tudes cosmeto-cliniques sur 42 sujets.<\/p>\n<p>Les cernes bruns et bleus sont visiblement et significativement r\u00e9duits. La zone du regard est unifi\u00e9e et lumineuse.<\/p>\n<p>Type de peau :<br \/>\nConvient aux yeux sensibles<\/p>\n<p>\u00c2ge :<br \/>\nA partir de 12 ans<\/p>\n<p>Corrige les cernes bleus et bruns. Illumine et r\u00e9uniformise le contour de l&#8217;\u0153il.<\/p>\n","protected":false},"excerpt":{"rendered":"<p>Correcteur anti-cernes r\u00e9uniformisant. Probl\u00e8mes cibl\u00e9s : Cernes bleus et bruns Innovation PIGMENTCLAR YEUX, concentr\u00e9 en PhE-R\u00e9sorcinol + Caf\u00e9ine r\u00e9duit significativement l&#8217;apparence des cernes bleus dus \u00e0 une mauvaise circulation et des cernes bruns li\u00e9s \u00e0 une surproduction de m\u00e9lanine. Sa texture enrichie en pigments r\u00e9flecteurs lumi\u00e8re, associ\u00e9e \u00e0 un applicateur m\u00e9tal rafraichissant, illumine le regard. [&hellip;]<\/p>\n","protected":false},"featured_media":20240,"template":"","meta":[],"product_brand":[174],"product_cat":[15,133],"product_tag":[],"class_list":{"0":"post-20241","1":"product","2":"type-product","3":"status-publish","4":"has-post-thumbnail","6":"product_brand-la-roche-posay","7":"product_cat-tout","8":"product_cat-la-roche-posay","9":"ts_product_brand-la-roche-posay","11":"first","12":"instock","13":"sale","14":"shipping-taxable","15":"purchasable","16":"product-type-simple"},"_links":{"self":[{"href":"https:\/\/para-mirava.ma\/index.php?rest_route=\/wp\/v2\/product\/20241","targetHints":{"allow":["GET"]}}],"collection":[{"href":"https:\/\/para-mirava.ma\/index.php?rest_route=\/wp\/v2\/product"}],"about":[{"href":"https:\/\/para-mirava.ma\/index.php?rest_route=\/wp\/v2\/types\/product"}],"wp:featuredmedia":[{"embeddable":true,"href":"https:\/\/para-mirava.ma\/index.php?rest_route=\/wp\/v2\/media\/20240"}],"wp:attachment":[{"href":"https:\/\/para-mirava.ma\/index.php?rest_route=%2Fwp%2Fv2%2Fmedia&parent=20241"}],"wp:term":[{"taxonomy":"product_brand","embeddable":true,"href":"https:\/\/para-mirava.ma\/index.php?rest_route=%2Fwp%2Fv2%2Fproduct_brand&post=20241"},{"taxonomy":"product_cat","embeddable":true,"href":"https:\/\/para-mirava.ma\/index.php?rest_route=%2Fwp%2Fv2%2Fproduct_cat&post=20241"},{"taxonomy":"product_tag","embeddable":true,"href":"https:\/\/para-mirava.ma\/index.php?rest_route=%2Fwp%2Fv2%2Fproduct_tag&post=20241"}],"curies":[{"name":"wp","href":"https:\/\/api.w.org\/{rel}","templated":true}]}}