{"id":20245,"date":"2026-03-17T17:58:25","date_gmt":"2026-03-17T17:58:25","guid":{"rendered":"https:\/\/para-mirava.ma\/?product=la-roche-posay-lipikar-gel-lavant-peau-seche-750ml"},"modified":"2026-03-17T18:59:40","modified_gmt":"2026-03-17T18:59:40","slug":"la-roche-posay-lipikar-gel-lavant-peau-seche-750ml","status":"publish","type":"product","link":"https:\/\/para-mirava.ma\/?product=la-roche-posay-lipikar-gel-lavant-peau-seche-750ml","title":{"rendered":"LA ROCHE POSAY LIPIKAR GEL LAVANT PEAU SECHE | 750ML"},"content":{"rendered":"<p>Gel douche apaisant et protecteur.<\/p>\n<p>B\u00c9N\u00c9FICES<br \/>\nLe gel lavant Lipikar est un gel douche con\u00e7u pour les peaux sensibles \u00e0 tendance atopique. Il contient des agents nettoyants tr\u00e8s doux pour laver sans agresser l&#8217;\u00e9piderme, ainsi que du beurre de karit\u00e9 et de la niacinamide pour nourrir, apaiser et pr\u00e9server la peau du dess\u00e8chement cutan\u00e9.<\/p>\n<p>Probl\u00e8mes cibl\u00e9s:<br \/>\nSensibilit\u00e9 cutan\u00e9e<\/p>\n<p>Disponible dans votre parapharmacie en ligne www.cotepara.ma<\/p>\n<p>Type de peau:<br \/>\nPeaux sensibles \u00e0 s\u00e8ches de toute la famille<\/p>\n<p>\u00c2ge:<br \/>\n\u00c0 partir de 3 ans<\/p>\n<p>INDICATION<br \/>\nCe gel lavant convient aux peaux normales, peaux s\u00e8ches et peaux sensibles et atopiques (psoriasis, dermatite atopique&#8230;). Il lave en douceur la peau et les zones intimes des adultes et des enfants, ainsi que la peau et le cuir chevelu des nourrissons.<\/p>\n","protected":false},"excerpt":{"rendered":"<p>Gel douche apaisant et protecteur. B\u00c9N\u00c9FICES Le gel lavant Lipikar est un gel douche con\u00e7u pour les peaux sensibles \u00e0 tendance atopique. Il contient des agents nettoyants tr\u00e8s doux pour laver sans agresser l&#8217;\u00e9piderme, ainsi que du beurre de karit\u00e9 et de la niacinamide pour nourrir, apaiser et pr\u00e9server la peau du dess\u00e8chement cutan\u00e9. Probl\u00e8mes [&hellip;]<\/p>\n","protected":false},"featured_media":20244,"template":"","meta":[],"product_brand":[174],"product_cat":[15,133],"product_tag":[],"class_list":{"0":"post-20245","1":"product","2":"type-product","3":"status-publish","4":"has-post-thumbnail","6":"product_brand-la-roche-posay","7":"product_cat-tout","8":"product_cat-la-roche-posay","9":"ts_product_brand-la-roche-posay","11":"first","12":"instock","13":"sale","14":"shipping-taxable","15":"purchasable","16":"product-type-simple"},"_links":{"self":[{"href":"https:\/\/para-mirava.ma\/index.php?rest_route=\/wp\/v2\/product\/20245","targetHints":{"allow":["GET"]}}],"collection":[{"href":"https:\/\/para-mirava.ma\/index.php?rest_route=\/wp\/v2\/product"}],"about":[{"href":"https:\/\/para-mirava.ma\/index.php?rest_route=\/wp\/v2\/types\/product"}],"wp:featuredmedia":[{"embeddable":true,"href":"https:\/\/para-mirava.ma\/index.php?rest_route=\/wp\/v2\/media\/20244"}],"wp:attachment":[{"href":"https:\/\/para-mirava.ma\/index.php?rest_route=%2Fwp%2Fv2%2Fmedia&parent=20245"}],"wp:term":[{"taxonomy":"product_brand","embeddable":true,"href":"https:\/\/para-mirava.ma\/index.php?rest_route=%2Fwp%2Fv2%2Fproduct_brand&post=20245"},{"taxonomy":"product_cat","embeddable":true,"href":"https:\/\/para-mirava.ma\/index.php?rest_route=%2Fwp%2Fv2%2Fproduct_cat&post=20245"},{"taxonomy":"product_tag","embeddable":true,"href":"https:\/\/para-mirava.ma\/index.php?rest_route=%2Fwp%2Fv2%2Fproduct_tag&post=20245"}],"curies":[{"name":"wp","href":"https:\/\/api.w.org\/{rel}","templated":true}]}}