{"id":20255,"date":"2026-03-17T17:58:30","date_gmt":"2026-03-17T17:58:30","guid":{"rendered":"https:\/\/para-mirava.ma\/?product=roche-posay-effaclar-duo-m-40ml"},"modified":"2026-03-17T18:59:39","modified_gmt":"2026-03-17T18:59:39","slug":"roche-posay-effaclar-duo-m-40ml","status":"publish","type":"product","link":"https:\/\/para-mirava.ma\/?product=roche-posay-effaclar-duo-m-40ml","title":{"rendered":"ROCHE POSAY EFFACLAR DUO+ M 40ML"},"content":{"rendered":"<p>NOUVEAU soin triple correction anti-imperfections pour les peaux grasses \u00e0 tendance acn\u00e9ique, d\u00e9sormais enrichi par la science du microbiome. Corrige les boutons, les points noirs et les marques post-acn\u00e9.<\/p>\n<p>B\u00c9N\u00c9FICES<br \/>\nEffaclar DUO+M de La Roche-Posay est un soin triple correction anti-imperfections, d\u00e9sormais enrichi par la science du microbiome, pour une efficacit\u00e9 cibl\u00e9e, m\u00eame sur les imperfections s\u00e9v\u00e8res : anti-boutons, anti-points noirs, anti-marques post-acn\u00e9 et anti-rechute. D\u00e9sormais efficacit\u00e9 visible d\u00e8s 8h*. Anti-boutons, anti-points noirs, anti-marques post-acn\u00e9. Anti-rechute**. Hypoallerg\u00e9nique. Non com\u00e9dog\u00e8ne. Test\u00e9 sous contr\u00f4le dermatologique.<\/p>\n<p>NOUVELLE D\u00c9COUVERTE SCIENTIFIQUE. Dans le microbiome de la peau, les bact\u00e9ries responsables des imperfections sont compos\u00e9es de plusieurs sous-types appel\u00e9s phylotypes. La recherche a montr\u00e9 qu&#8217;un manque de diversit\u00e9 entre les phylotypes et une pr\u00e9dominance du phylotype IA1 sont associ\u00e9s \u00e0 la prolif\u00e9ration des imperfections et \u00e0 la s\u00e9v\u00e9rit\u00e9 de l&#8217;acn\u00e9. Nouvelle formule enrichie par la science du microbiome gr\u00e2ce au nouvel actif Phylobioma qui agit sur le phylotype IA1 pour r\u00e9duire les imperfections et la surproduction de s\u00e9bum \u00e0 la source. Son efficacit\u00e9 a \u00e9t\u00e9 prouv\u00e9e sur les peaux grasses \u00e0 tendance acn\u00e9ique.<\/p>\n<p>Test\u00e9 sur plus de 6700 sujets, sur tous les phototypes de peau : I, II, III, IV, V, VI. FORMULE ENRICHIE.<\/p>\n<p>Nouvel actif PHYLOBIOMA : cible la surproduction de s\u00e9bum, r\u00e9duit la croissance du phylotype IA1 de la bact\u00e9rie C.Acnes, apaise et corrige les imperfections.<\/p>\n<p>PROCERAD\u2122 : c\u00e9ramide anti-marques exclusif et brevet\u00e9, aide \u00e0 pr\u00e9venir l&#8217;apparition des marques rouges et brunes.<\/p>\n<p>NIACINAMIDE : ingr\u00e9dient actif pour un effet apaisant intensif. R\u00e9duit les rougeurs et les marques.<\/p>\n<p>MANNOSE : favorise la r\u00e9g\u00e9n\u00e9ration de la peau.<\/p>\n<p>APF : aide \u00e0 r\u00e9tablir durablement l&#8217;\u00e9quilibre cutan\u00e9.<\/p>\n<p>LHA et ACIDE SALICYLIQUE : exfolie en douceur et d\u00e9sobstrue les pores.<\/p>\n<p>PIROCTONE OLAMINE : lutte contre la prolif\u00e9ration des bact\u00e9ries.<\/p>\n<p>Zinc PCA : contr\u00f4le la production de s\u00e9bum pour matifier la peau et contr\u00f4ler la brillance.<\/p>\n<p>Disponible dans votre parapharmacie en ligne www.cotepara.ma<\/p>\n<p>INDICATION<br \/>\nL&#8217;Effaclar Duo+M convient aux peaux sensibles et aux peaux grasses \u00e0 tendance acn\u00e9ique. Convient aux adultes et adolescents.<\/p>\n","protected":false},"excerpt":{"rendered":"<p>NOUVEAU soin triple correction anti-imperfections pour les peaux grasses \u00e0 tendance acn\u00e9ique, d\u00e9sormais enrichi par la science du microbiome. Corrige les boutons, les points noirs et les marques post-acn\u00e9. B\u00c9N\u00c9FICES Effaclar DUO+M de La Roche-Posay est un soin triple correction anti-imperfections, d\u00e9sormais enrichi par la science du microbiome, pour une efficacit\u00e9 cibl\u00e9e, m\u00eame sur les [&hellip;]<\/p>\n","protected":false},"featured_media":20254,"template":"","meta":[],"product_brand":[174],"product_cat":[15,133],"product_tag":[],"class_list":{"0":"post-20255","1":"product","2":"type-product","3":"status-publish","4":"has-post-thumbnail","6":"product_brand-la-roche-posay","7":"product_cat-tout","8":"product_cat-la-roche-posay","9":"ts_product_brand-la-roche-posay","11":"first","12":"instock","13":"sale","14":"shipping-taxable","15":"purchasable","16":"product-type-simple"},"_links":{"self":[{"href":"https:\/\/para-mirava.ma\/index.php?rest_route=\/wp\/v2\/product\/20255","targetHints":{"allow":["GET"]}}],"collection":[{"href":"https:\/\/para-mirava.ma\/index.php?rest_route=\/wp\/v2\/product"}],"about":[{"href":"https:\/\/para-mirava.ma\/index.php?rest_route=\/wp\/v2\/types\/product"}],"wp:featuredmedia":[{"embeddable":true,"href":"https:\/\/para-mirava.ma\/index.php?rest_route=\/wp\/v2\/media\/20254"}],"wp:attachment":[{"href":"https:\/\/para-mirava.ma\/index.php?rest_route=%2Fwp%2Fv2%2Fmedia&parent=20255"}],"wp:term":[{"taxonomy":"product_brand","embeddable":true,"href":"https:\/\/para-mirava.ma\/index.php?rest_route=%2Fwp%2Fv2%2Fproduct_brand&post=20255"},{"taxonomy":"product_cat","embeddable":true,"href":"https:\/\/para-mirava.ma\/index.php?rest_route=%2Fwp%2Fv2%2Fproduct_cat&post=20255"},{"taxonomy":"product_tag","embeddable":true,"href":"https:\/\/para-mirava.ma\/index.php?rest_route=%2Fwp%2Fv2%2Fproduct_tag&post=20255"}],"curies":[{"name":"wp","href":"https:\/\/api.w.org\/{rel}","templated":true}]}}